{"id":1073,"date":"2024-03-19T23:13:18","date_gmt":"2024-03-19T21:13:18","guid":{"rendered":"https:\/\/www.puistemees.ee\/landing\/"},"modified":"2024-03-19T23:13:18","modified_gmt":"2024-03-19T21:13:18","slug":"landing","status":"publish","type":"page","link":"https:\/\/www.puistemees.ee\/en\/landing\/","title":{"rendered":"Landing"},"content":{"rendered":"<p><strong>T\u00e4psed. Professionaalsed. Oma tegude eest vastutavad.<\/strong><\/p>\n<p>Puistemees teeb koost\u00f6\u00f6d vaid\u00a0<a href=\"https:\/\/www.puistemees.ee\/puistevill\/\">parimate materjalitootjatega<\/a>, et v\u00e4ltida probleeme ja lisakulusid. Meie t\u00f6\u00f6tajad on l\u00e4binud Isoveri puistevilla paigaldaja koolituse, mis annab p\u00f5hjalikud teadmised puistevilla paigaldamisest ja selleks vajalikest eelt\u00f6\u00f6dest. Majandustegevuste registris on Puistemees registreeritud \u00fcldehitajana (nr EEH012665).<\/p>\n<p>Oma t\u00f6\u00f6s k\u00f5rvaldame probleemid juba eos \u2013 hoiame kinni t\u00e4htaegadest, s\u00e4ilitame suuri laovarusid ja ootamatuste korral reageerime kiiresti.<\/p>\n<p>Puistevilla paigaldame t\u00e4islahendusena, mist\u00f5ttu lisat\u00f6id ei pea Sa mujalt otsima. Ole suur v\u00f5i v\u00e4ike: eramu,\u00a0<a href=\"https:\/\/www.puistemees.ee\/korteriuhistutele\/\">korteri\u00fchistu<\/a>, t\u00f6\u00f6stushoone v\u00f5i \u00fchiskondlik hoone, \u2013 aitame sind \u00fcle Eesti.<\/p>\n","protected":false},"excerpt":{"rendered":"<p>T\u00e4psed. Professionaalsed. Oma tegude eest vastutavad. Puistemees teeb koost\u00f6\u00f6d vaid\u00a0parimate materjalitootjatega, et v\u00e4ltida probleeme ja lisakulusid. Meie t\u00f6\u00f6tajad on l\u00e4binud Isoveri puistevilla paigaldaja koolituse, mis annab p\u00f5hjalikud teadmised puistevilla paigaldamisest ja selleks vajalikest eelt\u00f6\u00f6dest. Majandustegevuste registris on Puistemees registreeritud \u00fcldehitajana (nr EEH012665). Oma t\u00f6\u00f6s k\u00f5rvaldame probleemid juba eos \u2013 hoiame kinni t\u00e4htaegadest, s\u00e4ilitame suuri laovarusid [&hellip;]<\/p>\n","protected":false},"author":6,"featured_media":717,"parent":0,"menu_order":0,"comment_status":"closed","ping_status":"closed","template":"template-landing.php","meta":{"_acf_changed":false,"footnotes":""},"class_list":["post-1073","page","type-page","status-publish","has-post-thumbnail","hentry"],"acf":[],"yoast_head":"<!-- This site is optimized with the Yoast SEO plugin v27.6 - https:\/\/yoast.com\/product\/yoast-seo-wordpress\/ -->\n<title>Landing | Puistemees<\/title>\n<meta name=\"robots\" content=\"index, follow, max-snippet:-1, max-image-preview:large, max-video-preview:-1\" \/>\n<link rel=\"canonical\" href=\"https:\/\/www.puistemees.ee\/en\/landing\/\" \/>\n<meta property=\"og:locale\" content=\"en_US\" \/>\n<meta property=\"og:type\" content=\"article\" \/>\n<meta property=\"og:title\" content=\"Landing | Puistemees\" \/>\n<meta property=\"og:description\" content=\"T\u00e4psed. Professionaalsed. Oma tegude eest vastutavad. Puistemees teeb koost\u00f6\u00f6d vaid\u00a0parimate materjalitootjatega, et v\u00e4ltida probleeme ja lisakulusid. Meie t\u00f6\u00f6tajad on l\u00e4binud Isoveri puistevilla paigaldaja koolituse, mis annab p\u00f5hjalikud teadmised puistevilla paigaldamisest ja selleks vajalikest eelt\u00f6\u00f6dest. Majandustegevuste registris on Puistemees registreeritud \u00fcldehitajana (nr EEH012665). Oma t\u00f6\u00f6s k\u00f5rvaldame probleemid juba eos \u2013 hoiame kinni t\u00e4htaegadest, s\u00e4ilitame suuri laovarusid [&hellip;]\" \/>\n<meta property=\"og:url\" content=\"https:\/\/www.puistemees.ee\/en\/landing\/\" \/>\n<meta property=\"og:site_name\" content=\"Puistemees\" \/>\n<meta property=\"og:image\" content=\"https:\/\/www.puistemees.ee\/wp-content\/uploads\/2023\/12\/puistemees-1-scaled.jpg\" \/>\n\t<meta property=\"og:image:width\" content=\"2560\" \/>\n\t<meta property=\"og:image:height\" content=\"1707\" \/>\n\t<meta property=\"og:image:type\" content=\"image\/jpeg\" \/>\n<meta name=\"twitter:card\" content=\"summary_large_image\" \/>\n<meta name=\"twitter:label1\" content=\"Est. reading time\" \/>\n\t<meta name=\"twitter:data1\" content=\"1 minute\" \/>\n<script type=\"application\/ld+json\" class=\"yoast-schema-graph\">{\"@context\":\"https:\\\/\\\/schema.org\",\"@graph\":[{\"@type\":\"WebPage\",\"@id\":\"https:\\\/\\\/www.puistemees.ee\\\/en\\\/landing\\\/\",\"url\":\"https:\\\/\\\/www.puistemees.ee\\\/en\\\/landing\\\/\",\"name\":\"Landing | Puistemees\",\"isPartOf\":{\"@id\":\"https:\\\/\\\/www.puistemees.ee\\\/en\\\/#website\"},\"primaryImageOfPage\":{\"@id\":\"https:\\\/\\\/www.puistemees.ee\\\/en\\\/landing\\\/#primaryimage\"},\"image\":{\"@id\":\"https:\\\/\\\/www.puistemees.ee\\\/en\\\/landing\\\/#primaryimage\"},\"thumbnailUrl\":\"https:\\\/\\\/www.puistemees.ee\\\/wp-content\\\/uploads\\\/2023\\\/12\\\/puistemees-2-scaled.jpg\",\"datePublished\":\"2024-03-19T21:13:18+00:00\",\"breadcrumb\":{\"@id\":\"https:\\\/\\\/www.puistemees.ee\\\/en\\\/landing\\\/#breadcrumb\"},\"inLanguage\":\"en-US\",\"potentialAction\":[{\"@type\":\"ReadAction\",\"target\":[\"https:\\\/\\\/www.puistemees.ee\\\/en\\\/landing\\\/\"]}]},{\"@type\":\"ImageObject\",\"inLanguage\":\"en-US\",\"@id\":\"https:\\\/\\\/www.puistemees.ee\\\/en\\\/landing\\\/#primaryimage\",\"url\":\"https:\\\/\\\/www.puistemees.ee\\\/wp-content\\\/uploads\\\/2023\\\/12\\\/puistemees-2-scaled.jpg\",\"contentUrl\":\"https:\\\/\\\/www.puistemees.ee\\\/wp-content\\\/uploads\\\/2023\\\/12\\\/puistemees-2-scaled.jpg\",\"width\":2560,\"height\":1707,\"caption\":\"Puistemees\"},{\"@type\":\"BreadcrumbList\",\"@id\":\"https:\\\/\\\/www.puistemees.ee\\\/en\\\/landing\\\/#breadcrumb\",\"itemListElement\":[{\"@type\":\"ListItem\",\"position\":1,\"name\":\"Home\",\"item\":\"https:\\\/\\\/www.puistemees.ee\\\/en\\\/\"},{\"@type\":\"ListItem\",\"position\":2,\"name\":\"Landing\"}]},{\"@type\":\"WebSite\",\"@id\":\"https:\\\/\\\/www.puistemees.ee\\\/en\\\/#website\",\"url\":\"https:\\\/\\\/www.puistemees.ee\\\/en\\\/\",\"name\":\"Puistemees\",\"description\":\"Puistevilla paigaldus\",\"potentialAction\":[{\"@type\":\"SearchAction\",\"target\":{\"@type\":\"EntryPoint\",\"urlTemplate\":\"https:\\\/\\\/www.puistemees.ee\\\/en\\\/?s={search_term_string}\"},\"query-input\":{\"@type\":\"PropertyValueSpecification\",\"valueRequired\":true,\"valueName\":\"search_term_string\"}}],\"inLanguage\":\"en-US\"}]}<\/script>\n<!-- \/ Yoast SEO plugin. -->","yoast_head_json":{"title":"Landing | Puistemees","robots":{"index":"index","follow":"follow","max-snippet":"max-snippet:-1","max-image-preview":"max-image-preview:large","max-video-preview":"max-video-preview:-1"},"canonical":"https:\/\/www.puistemees.ee\/en\/landing\/","og_locale":"en_US","og_type":"article","og_title":"Landing | Puistemees","og_description":"T\u00e4psed. Professionaalsed. Oma tegude eest vastutavad. Puistemees teeb koost\u00f6\u00f6d vaid\u00a0parimate materjalitootjatega, et v\u00e4ltida probleeme ja lisakulusid. Meie t\u00f6\u00f6tajad on l\u00e4binud Isoveri puistevilla paigaldaja koolituse, mis annab p\u00f5hjalikud teadmised puistevilla paigaldamisest ja selleks vajalikest eelt\u00f6\u00f6dest. Majandustegevuste registris on Puistemees registreeritud \u00fcldehitajana (nr EEH012665). Oma t\u00f6\u00f6s k\u00f5rvaldame probleemid juba eos \u2013 hoiame kinni t\u00e4htaegadest, s\u00e4ilitame suuri laovarusid [&hellip;]","og_url":"https:\/\/www.puistemees.ee\/en\/landing\/","og_site_name":"Puistemees","og_image":[{"width":2560,"height":1707,"url":"https:\/\/www.puistemees.ee\/wp-content\/uploads\/2023\/12\/puistemees-1-scaled.jpg","type":"image\/jpeg"}],"twitter_card":"summary_large_image","twitter_misc":{"Est. reading time":"1 minute"},"schema":{"@context":"https:\/\/schema.org","@graph":[{"@type":"WebPage","@id":"https:\/\/www.puistemees.ee\/en\/landing\/","url":"https:\/\/www.puistemees.ee\/en\/landing\/","name":"Landing | Puistemees","isPartOf":{"@id":"https:\/\/www.puistemees.ee\/en\/#website"},"primaryImageOfPage":{"@id":"https:\/\/www.puistemees.ee\/en\/landing\/#primaryimage"},"image":{"@id":"https:\/\/www.puistemees.ee\/en\/landing\/#primaryimage"},"thumbnailUrl":"https:\/\/www.puistemees.ee\/wp-content\/uploads\/2023\/12\/puistemees-2-scaled.jpg","datePublished":"2024-03-19T21:13:18+00:00","breadcrumb":{"@id":"https:\/\/www.puistemees.ee\/en\/landing\/#breadcrumb"},"inLanguage":"en-US","potentialAction":[{"@type":"ReadAction","target":["https:\/\/www.puistemees.ee\/en\/landing\/"]}]},{"@type":"ImageObject","inLanguage":"en-US","@id":"https:\/\/www.puistemees.ee\/en\/landing\/#primaryimage","url":"https:\/\/www.puistemees.ee\/wp-content\/uploads\/2023\/12\/puistemees-2-scaled.jpg","contentUrl":"https:\/\/www.puistemees.ee\/wp-content\/uploads\/2023\/12\/puistemees-2-scaled.jpg","width":2560,"height":1707,"caption":"Puistemees"},{"@type":"BreadcrumbList","@id":"https:\/\/www.puistemees.ee\/en\/landing\/#breadcrumb","itemListElement":[{"@type":"ListItem","position":1,"name":"Home","item":"https:\/\/www.puistemees.ee\/en\/"},{"@type":"ListItem","position":2,"name":"Landing"}]},{"@type":"WebSite","@id":"https:\/\/www.puistemees.ee\/en\/#website","url":"https:\/\/www.puistemees.ee\/en\/","name":"Puistemees","description":"Puistevilla paigaldus","potentialAction":[{"@type":"SearchAction","target":{"@type":"EntryPoint","urlTemplate":"https:\/\/www.puistemees.ee\/en\/?s={search_term_string}"},"query-input":{"@type":"PropertyValueSpecification","valueRequired":true,"valueName":"search_term_string"}}],"inLanguage":"en-US"}]}},"_links":{"self":[{"href":"https:\/\/www.puistemees.ee\/en\/wp-json\/wp\/v2\/pages\/1073","targetHints":{"allow":["GET"]}}],"collection":[{"href":"https:\/\/www.puistemees.ee\/en\/wp-json\/wp\/v2\/pages"}],"about":[{"href":"https:\/\/www.puistemees.ee\/en\/wp-json\/wp\/v2\/types\/page"}],"author":[{"embeddable":true,"href":"https:\/\/www.puistemees.ee\/en\/wp-json\/wp\/v2\/users\/6"}],"replies":[{"embeddable":true,"href":"https:\/\/www.puistemees.ee\/en\/wp-json\/wp\/v2\/comments?post=1073"}],"version-history":[{"count":0,"href":"https:\/\/www.puistemees.ee\/en\/wp-json\/wp\/v2\/pages\/1073\/revisions"}],"wp:featuredmedia":[{"embeddable":true,"href":"https:\/\/www.puistemees.ee\/en\/wp-json\/wp\/v2\/media\/717"}],"wp:attachment":[{"href":"https:\/\/www.puistemees.ee\/en\/wp-json\/wp\/v2\/media?parent=1073"}],"curies":[{"name":"wp","href":"https:\/\/api.w.org\/{rel}","templated":true}]}}